{"id":205,"date":"2020-11-30T15:20:44","date_gmt":"2020-11-30T17:20:44","guid":{"rendered":"http:\/\/localhost\/Mangmax\/?page_id=205"},"modified":"2025-05-15T14:27:18","modified_gmt":"2025-05-15T17:27:18","slug":"contato","status":"publish","type":"page","link":"https:\/\/mangmax.com.br\/novosite\/contato\/","title":{"rendered":"CONTATO"},"content":{"rendered":"\t\t<div data-elementor-type=\"wp-page\" data-elementor-id=\"205\" class=\"elementor elementor-205\" data-elementor-settings=\"[]\">\n\t\t\t\t\t\t<div class=\"elementor-inner\">\n\t\t\t\t\t\t\t<div class=\"elementor-section-wrap\">\n\t\t\t\t\t\t\t<section class=\"elementor-section elementor-top-section elementor-element elementor-element-a5d7631 elementor-section-boxed elementor-section-height-default elementor-section-height-default\" data-id=\"a5d7631\" data-element_type=\"section\" data-settings=\"{&quot;background_background&quot;:&quot;classic&quot;}\">\n\t\t\t\t\t\t<div class=\"elementor-container elementor-column-gap-default\">\n\t\t\t\t\t\t\t<div class=\"elementor-row\">\n\t\t\t\t\t<div class=\"elementor-column elementor-col-100 elementor-top-column elementor-element elementor-element-714d080\" data-id=\"714d080\" data-element_type=\"column\">\n\t\t\t<div class=\"elementor-column-wrap elementor-element-populated\">\n\t\t\t\t\t\t\t<div class=\"elementor-widget-wrap\">\n\t\t\t\t\t\t<div class=\"elementor-element elementor-element-a13c7e8 elementor-widget elementor-widget-spacer\" data-id=\"a13c7e8\" data-element_type=\"widget\" data-widget_type=\"spacer.default\">\n\t\t\t\t<div class=\"elementor-widget-container\">\n\t\t\t\t\t<div class=\"elementor-spacer\">\n\t\t\t<div class=\"elementor-spacer-inner\"><\/div>\n\t\t<\/div>\n\t\t\t\t<\/div>\n\t\t\t\t<\/div>\n\t\t\t\t<div class=\"elementor-element elementor-element-62d9956 elementor-widget elementor-widget-text-editor\" data-id=\"62d9956\" data-element_type=\"widget\" data-widget_type=\"text-editor.default\">\n\t\t\t\t<div class=\"elementor-widget-container\">\n\t\t\t\t\t<div class=\"elementor-text-editor elementor-clearfix\"><h4 style=\"color: #1e3159; text-align: center; font-weight: 800;\">FALE COM A GENTE E SAIBA MAIS<\/h4>\n<p style=\"text-align: center; line-height: 1.2em;COLOR:#000;\">As melhores condi\u00e7\u00f5es para pecuaristas com\nqualidade e competitividade econ\u00f4mica.<\/p><\/div>\n\t\t\t\t<\/div>\n\t\t\t\t<\/div>\n\t\t\t\t\t\t<\/div>\n\t\t\t\t\t<\/div>\n\t\t<\/div>\n\t\t\t\t\t\t\t\t<\/div>\n\t\t\t\t\t<\/div>\n\t\t<\/section>\n\t\t\t\t<section class=\"elementor-section elementor-top-section elementor-element elementor-element-593f749 elementor-section-boxed elementor-section-height-default elementor-section-height-default\" data-id=\"593f749\" data-element_type=\"section\" data-settings=\"{&quot;background_background&quot;:&quot;classic&quot;}\">\n\t\t\t\t\t\t<div class=\"elementor-container elementor-column-gap-default\">\n\t\t\t\t\t\t\t<div class=\"elementor-row\">\n\t\t\t\t\t<div class=\"elementor-column elementor-col-50 elementor-top-column elementor-element elementor-element-e604a1b\" data-id=\"e604a1b\" data-element_type=\"column\">\n\t\t\t<div class=\"elementor-column-wrap elementor-element-populated\">\n\t\t\t\t\t\t\t<div class=\"elementor-widget-wrap\">\n\t\t\t\t\t\t<div class=\"elementor-element elementor-element-d47e2d7 elementor-widget elementor-widget-spacer\" data-id=\"d47e2d7\" data-element_type=\"widget\" data-widget_type=\"spacer.default\">\n\t\t\t\t<div class=\"elementor-widget-container\">\n\t\t\t\t\t<div class=\"elementor-spacer\">\n\t\t\t<div class=\"elementor-spacer-inner\"><\/div>\n\t\t<\/div>\n\t\t\t\t<\/div>\n\t\t\t\t<\/div>\n\t\t\t\t<div class=\"elementor-element elementor-element-1e2213a elementor-widget elementor-widget-text-editor\" data-id=\"1e2213a\" data-element_type=\"widget\" data-widget_type=\"text-editor.default\">\n\t\t\t\t<div class=\"elementor-widget-container\">\n\t\t\t\t\t<div class=\"elementor-text-editor elementor-clearfix\"><div role=\"form\" class=\"wpcf7\" id=\"wpcf7-f210-o1\" lang=\"pt-BR\" dir=\"ltr\">\n<div class=\"screen-reader-response\"><p role=\"status\" aria-live=\"polite\" aria-atomic=\"true\"><\/p> <ul><\/ul><\/div>\n<form action=\"\/novosite\/wp-json\/wp\/v2\/pages\/205#wpcf7-f210-o1\" method=\"post\" class=\"wpcf7-form init\" novalidate=\"novalidate\" data-status=\"init\">\n<div style=\"display: none;\">\n<input type=\"hidden\" name=\"_wpcf7\" value=\"210\" \/>\n<input type=\"hidden\" name=\"_wpcf7_version\" value=\"5.3.1\" \/>\n<input type=\"hidden\" name=\"_wpcf7_locale\" value=\"pt_BR\" \/>\n<input type=\"hidden\" name=\"_wpcf7_unit_tag\" value=\"wpcf7-f210-o1\" \/>\n<input type=\"hidden\" name=\"_wpcf7_container_post\" value=\"0\" \/>\n<input type=\"hidden\" name=\"_wpcf7_posted_data_hash\" value=\"\" \/>\n<\/div>\n<p><label><span class=\"wpcf7-form-control-wrap your-name\"><input type=\"text\" name=\"your-name\" value=\"\" size=\"40\" class=\"wpcf7-form-control wpcf7-text wpcf7-validates-as-required\" aria-required=\"true\" aria-invalid=\"false\" placeholder=\"Nome\" \/><\/span> <\/label><\/p>\n<p><label> <span class=\"wpcf7-form-control-wrap your-email\"><input type=\"email\" name=\"your-email\" value=\"\" size=\"40\" class=\"wpcf7-form-control wpcf7-text wpcf7-email wpcf7-validates-as-required wpcf7-validates-as-email\" aria-required=\"true\" aria-invalid=\"false\" placeholder=\"E-mail\" \/><\/span> <\/label><\/p>\n<p><label><span class=\"wpcf7-form-control-wrap your-subject\"><input type=\"text\" name=\"your-subject\" value=\"\" size=\"40\" class=\"wpcf7-form-control wpcf7-text wpcf7-validates-as-required\" aria-required=\"true\" aria-invalid=\"false\" placeholder=\"Assunto\" \/><\/span> <\/label><\/p>\n<p><label><span class=\"wpcf7-form-control-wrap tel-418\"><input type=\"tel\" name=\"tel-418\" value=\"Telefone\" size=\"40\" class=\"wpcf7-form-control wpcf7-text wpcf7-tel wpcf7-validates-as-required wpcf7-validates-as-tel\" aria-required=\"true\" aria-invalid=\"false\" \/><\/span><\/label><\/p>\n<p><label> <span class=\"wpcf7-form-control-wrap your-message\"><textarea name=\"your-message\" cols=\"40\" rows=\"10\" class=\"wpcf7-form-control wpcf7-textarea\" aria-invalid=\"false\" placeholder=\"Mensagem\"><\/textarea><\/span> <\/label><\/p>\n<p style=\"text-align:center\"><input type=\"submit\" value=\"Enviar\" class=\"wpcf7-form-control wpcf7-submit\" \/><\/p>\n<div class=\"wpcf7-response-output\" aria-hidden=\"true\"><\/div><\/form><\/div><\/div>\n\t\t\t\t<\/div>\n\t\t\t\t<\/div>\n\t\t\t\t<div class=\"elementor-element elementor-element-952a74f elementor-widget elementor-widget-text-editor\" data-id=\"952a74f\" data-element_type=\"widget\" data-widget_type=\"text-editor.default\">\n\t\t\t\t<div class=\"elementor-widget-container\">\n\t\t\t\t\t<div class=\"elementor-text-editor elementor-clearfix\"><p><a href=\"https:\/\/wa.me\/553735213165\"><img loading=\"lazy\" class=\"alignnone wp-image-1958\" src=\"https:\/\/mangmax.com.br\/wp-content\/uploads\/2021\/04\/wpp2.png\" alt=\"wpp-mangmax\" width=\"252\" height=\"57\" srcset=\"https:\/\/mangmax.com.br\/novosite\/wp-content\/uploads\/2021\/04\/wpp2.png 310w, https:\/\/mangmax.com.br\/novosite\/wp-content\/uploads\/2021\/04\/wpp2-300x68.png 300w\" sizes=\"(max-width: 252px) 100vw, 252px\" \/><\/a> <a href=\"https:\/\/wa.me\/553799395268\"><img loading=\"lazy\" class=\"alignnone wp-image-1963\" src=\"https:\/\/mangmax.com.br\/wp-content\/uploads\/2021\/04\/wpp3.png\" alt=\"wpp-mangmax\" width=\"252\" height=\"57\" srcset=\"https:\/\/mangmax.com.br\/novosite\/wp-content\/uploads\/2021\/04\/wpp3.png 310w, https:\/\/mangmax.com.br\/novosite\/wp-content\/uploads\/2021\/04\/wpp3-300x68.png 300w\" sizes=\"(max-width: 252px) 100vw, 252px\" \/><\/a><\/p><\/div>\n\t\t\t\t<\/div>\n\t\t\t\t<\/div>\n\t\t\t\t<div class=\"elementor-element elementor-element-99cb993 elementor-widget elementor-widget-spacer\" data-id=\"99cb993\" data-element_type=\"widget\" data-widget_type=\"spacer.default\">\n\t\t\t\t<div class=\"elementor-widget-container\">\n\t\t\t\t\t<div class=\"elementor-spacer\">\n\t\t\t<div class=\"elementor-spacer-inner\"><\/div>\n\t\t<\/div>\n\t\t\t\t<\/div>\n\t\t\t\t<\/div>\n\t\t\t\t\t\t<\/div>\n\t\t\t\t\t<\/div>\n\t\t<\/div>\n\t\t\t\t<div class=\"elementor-column elementor-col-50 elementor-top-column elementor-element elementor-element-b9ddbb7\" data-id=\"b9ddbb7\" data-element_type=\"column\" data-settings=\"{&quot;background_background&quot;:&quot;classic&quot;}\">\n\t\t\t<div class=\"elementor-column-wrap elementor-element-populated\">\n\t\t\t\t\t\t\t<div class=\"elementor-widget-wrap\">\n\t\t\t\t\t\t<div class=\"elementor-element elementor-element-23d2e95 elementor-widget elementor-widget-spacer\" data-id=\"23d2e95\" data-element_type=\"widget\" data-widget_type=\"spacer.default\">\n\t\t\t\t<div class=\"elementor-widget-container\">\n\t\t\t\t\t<div class=\"elementor-spacer\">\n\t\t\t<div class=\"elementor-spacer-inner\"><\/div>\n\t\t<\/div>\n\t\t\t\t<\/div>\n\t\t\t\t<\/div>\n\t\t\t\t<div class=\"elementor-element elementor-element-7e7a9c8 elementor-widget elementor-widget-google_maps\" data-id=\"7e7a9c8\" data-element_type=\"widget\" data-widget_type=\"google_maps.default\">\n\t\t\t\t<div class=\"elementor-widget-container\">\n\t\t\t<div class=\"elementor-custom-embed\"><iframe frameborder=\"0\" scrolling=\"no\" marginheight=\"0\" marginwidth=\"0\" src=\"https:\/\/maps.google.com\/maps?q=R.%20Papagaios%2C%20256%2C%20Bom%20Despacho%20-%20MG%2C%2035600-000&amp;t=m&amp;z=10&amp;output=embed&amp;iwloc=near\" title=\"R. Papagaios, 256, Bom Despacho - MG, 35600-000\" aria-label=\"R. Papagaios, 256, Bom Despacho - MG, 35600-000\"><\/iframe><\/div>\t\t<\/div>\n\t\t\t\t<\/div>\n\t\t\t\t<div class=\"elementor-element elementor-element-32a4b4b elementor-widget elementor-widget-text-editor\" data-id=\"32a4b4b\" data-element_type=\"widget\" data-widget_type=\"text-editor.default\">\n\t\t\t\t<div class=\"elementor-widget-container\">\n\t\t\t\t\t<div class=\"elementor-text-editor elementor-clearfix\"><p style=\"text-align: center;\">Rua Papagaios, 256,<br \/>S\u00e3o Vicente &#8211; Bom Despacho<br \/>Minas Gerais &#8211; CEP 35600-000<br \/><br \/><\/p><\/div>\n\t\t\t\t<\/div>\n\t\t\t\t<\/div>\n\t\t\t\t\t\t<\/div>\n\t\t\t\t\t<\/div>\n\t\t<\/div>\n\t\t\t\t\t\t\t\t<\/div>\n\t\t\t\t\t<\/div>\n\t\t<\/section>\n\t\t\t\t\t\t<\/div>\n\t\t\t\t\t\t<\/div>\n\t\t\t\t\t<\/div>\n\t\t","protected":false},"excerpt":{"rendered":"<p>FALE COM A GENTE E SAIBA MAIS As melhores condi\u00e7\u00f5es para pecuaristas com qualidade e competitividade econ\u00f4mica. Rua Papagaios, 256,S\u00e3o Vicente &#8211; Bom DespachoMinas Gerais &#8211; CEP 35600-000<\/p>\n","protected":false},"author":1,"featured_media":214,"parent":0,"menu_order":0,"comment_status":"closed","ping_status":"closed","template":"","meta":[],"_links":{"self":[{"href":"https:\/\/mangmax.com.br\/novosite\/wp-json\/wp\/v2\/pages\/205"}],"collection":[{"href":"https:\/\/mangmax.com.br\/novosite\/wp-json\/wp\/v2\/pages"}],"about":[{"href":"https:\/\/mangmax.com.br\/novosite\/wp-json\/wp\/v2\/types\/page"}],"author":[{"embeddable":true,"href":"https:\/\/mangmax.com.br\/novosite\/wp-json\/wp\/v2\/users\/1"}],"replies":[{"embeddable":true,"href":"https:\/\/mangmax.com.br\/novosite\/wp-json\/wp\/v2\/comments?post=205"}],"version-history":[{"count":74,"href":"https:\/\/mangmax.com.br\/novosite\/wp-json\/wp\/v2\/pages\/205\/revisions"}],"predecessor-version":[{"id":2506,"href":"https:\/\/mangmax.com.br\/novosite\/wp-json\/wp\/v2\/pages\/205\/revisions\/2506"}],"wp:featuredmedia":[{"embeddable":true,"href":"https:\/\/mangmax.com.br\/novosite\/wp-json\/wp\/v2\/media\/214"}],"wp:attachment":[{"href":"https:\/\/mangmax.com.br\/novosite\/wp-json\/wp\/v2\/media?parent=205"}],"curies":[{"name":"wp","href":"https:\/\/api.w.org\/{rel}","templated":true}]}}